{"id":133730,"date":"2020-01-24T11:54:55","date_gmt":"2020-01-24T09:54:55","guid":{"rendered":"https:\/\/www.transportcaini-pisici.ro\/?page_id=133730"},"modified":"2021-08-04T09:11:12","modified_gmt":"2021-08-04T07:11:12","slug":"suntem-soferi-pe-deplin-calificati-si-iubitori-de-animale-de-companie-care-asigura-transportul-pentru-animale-de-companie-caini-si-pisici-door-to-door-catre-marea-britanie-uk-din-romania-si-chiar","status":"publish","type":"page","link":"https:\/\/www.transportcaini-pisici.ro\/en\/pet-transportation-for-dogs-and-cats-to-england\/","title":{"rendered":"Pet transportation for dogs and cats to England"},"content":{"rendered":"[vc_row][vc_column][vc_column_text][\/vc_column_text][\/vc_column][\/vc_row][vc_row][vc_column][vc_single_image image=&#8221;134225&#8243; img_size=&#8221;full&#8221; alignment=&#8221;center&#8221;][\/vc_column][\/vc_row][vc_row][vc_column][vc_column_text]\n<h1 style=\"text-align: center;\"><span style=\"color: #000000; font-size: 75%;\">We are fully qualified drivers and pet lovers, who provide transport of dogs and cats door to door to the United Kingdom (UK) from Romania and even in Ireland or from the United Kingdom (UK) to Romania<\/span><\/h1>\n<p><span style=\"color: #000000;\">For a stress-free relocation and in the best conditions, choose our services<\/span><\/p>\n<p><span style=\"color: #000000;\">Many Romanians settled in England want to bring their pet with them to their new residence. However, transporting pets across the border is a complex operation that is not always easy. Given that since the beginning of 2020, Brexit has taken place, the conditions for travel in England for both people and pets have undergone a number of changes.<\/span><\/p>\n<p><span style=\"color: #000000;\">Having a vast experience in the field of animal transport, we are constantly connected with the legislative changes and we have the capacity to act accordingly, so that we can offer impeccable services every time.<\/span><\/p>\n<h2><span style=\"color: #000000; font-size: 75%;\">Good to know before traveling to transport your pet (dogs \/ cats) to England<\/span><\/h2>\n<p><span style=\"color: #000000;\">Pets cannot travel abroad without a valid international passport and the legislation in force mentions that only after reaching the age of 4 months and after being microchipped and vaccinated can they leave the border. 21 days before departure, the rabies vaccine must be given to the veterinarian and he must issue a document written with a pen, initialed and signed, with a round stamp and secure foil.<\/span><\/p>\n<p><span style=\"color: #000000;\">On the day of departure, the pet must be dewormed internally and externally. He must also undergo a clinical examination, the results of which must be found in the international passport. 5 days before the trip we need all this data to be able to complete the International Traces System in order to have a real-time transport update. Without observing these conditions, the transport cannot be performed.<\/span><\/p>\n<h3><span style=\"color: #000000; font-size: 75%;\">How do we transport the pet to England?<\/span><\/h3>\n<p><span style=\"color: #000000;\">Being a long road we make sure that pets have all the necessary conditions: bedding, food, water and possibly their favorite toy. We try to understand the needs of customers but also those of pets and communicate frequently to ensure that we offer high quality and impeccable services.<\/span><\/p>\n<p><span style=\"color: #000000;\">We provide transport of the pet door to door and we focus on providing all the necessary comfort for the little passengers to arrive at their destination happy and relaxed.<\/span>[\/vc_column_text][\/vc_column][\/vc_row][vc_row css=&#8221;.vc_custom_1580114864104{border-top-width: 1px !important;border-right-width: 1px !important;border-bottom-width: 1px !important;border-left-width: 1px !important;border-left-color: #06745f !important;border-left-style: dashed !important;border-right-color: #06745f !important;border-right-style: dashed !important;border-top-color: #06745f !important;border-top-style: dashed !important;border-bottom-color: #06745f !important;border-bottom-style: dashed !important;border-radius: 3px !important;}&#8221;][vc_column][vc_column_text]\n<h4 style=\"text-align: center;\"><span style=\"color: #06745f;\"><strong>GOOD TO KNOW before transporting your dog or cat to the United Kingdom (UK) in Romania and even in Ireland or the United Kingdom (UK) to Romania<\/strong><\/span><\/h4>\n<ol>\n<li><span style=\"color: #000000;\">No pet, dog or cat, can travel outside Romania\/UK\/Ireland without a valid International Passport.<\/span><\/li>\n<li><span style=\"color: #000000;\">The dog or cat can leave the country, according to the legislation in force, only after reaching the age of 4 months and only after being microchipped and vaccinated with rabies.<\/span><\/li>\n<li><span style=\"color: #000000;\">Due to implantation of the microchip it must be before the date of rabies vaccination<\/span><\/li>\n<li><span style=\"color: #000000;\">The rabies vaccine should be made at least 21 days before the scheduled start date. It must be written with a pen, it must be signed and paraphrased and it must have a round stamp and secure foil.<\/span><\/li>\n<li><span style=\"color: #000000;\">On the day of departure or 24 hours before, the dog or cat must be internally and externally debased and undergo a clinical examination. All these data must be found in the Passport of the animal<\/span><\/li>\n<li><span style=\"color: #000000;\">5 days before the trip we will need all this data to be able to complete in the International Traces System<\/span><\/li>\n<li><span style=\"color: #000000;\">Please note that without this information, pets cannot be transported!<\/span><\/li>\n<\/ol>\n[\/vc_column_text][vc_empty_space][\/vc_column][\/vc_row][vc_row][vc_column][vc_column_text][\/vc_column_text][\/vc_column][\/vc_row]","protected":false},"excerpt":{"rendered":"[vc_row][vc_column][vc_column_text][\/vc_column_text][\/vc_column][\/vc_row][vc_row][vc_column][vc_single_image image=&#8221;134225&#8243; img_size=&#8221;full&#8221; alignment=&#8221;center&#8221;][\/vc_column][\/vc_row][vc_row][vc_column][vc_column_text] We are fully qualified drivers and pet lovers, who provide transport of dogs and cats door to door to the United Kingdom (UK) from Romania and even in Ireland or from the United Kingdom (UK) to Romania For a stress-free relocation and in the best conditions, choose our services Many Romanians [&#8230;]\n","protected":false},"author":1,"featured_media":134017,"parent":0,"menu_order":0,"comment_status":"closed","ping_status":"closed","template":"page-blank-title-center.php","meta":[],"yoast_head":"<!-- This site is optimized with the Yoast SEO plugin v15.5 - https:\/\/yoast.com\/wordpress\/plugins\/seo\/ -->\n<title>Pet transportation for dogs and cats to England - International transportation of pets ( dogs and cats )<\/title>\n<meta name=\"description\" content=\"We are fully qualified drivers and pet lovers, who provide door to door pet and dog transport to the UK from Romania and even to Ireland or the UK to Romania.\" \/>\n<meta name=\"robots\" content=\"index, follow, max-snippet:-1, max-image-preview:large, max-video-preview:-1\" \/>\n<link rel=\"canonical\" href=\"https:\/\/www.transportcaini-pisici.ro\/transport-caini-si-pisici-anglia\/\" \/>\n<meta property=\"og:locale\" content=\"en_US\" \/>\n<meta property=\"og:type\" content=\"article\" \/>\n<meta property=\"og:title\" content=\"Transport c\u00e2ini \u0219i pisici in Anglia ( UK )\" \/>\n<meta property=\"og:description\" content=\"Suntem \u0219oferi pe deplin califica\u021bi \u0219i iubitori de animale de companie, care asigur\u0103 transportul pentru animale de companie c\u00e2ini \u0219i pisici door to door c\u0103tre Marea Britanie ( UK ) din Rom\u00e2nia \u0219i chiar \u00een Irlanda sau din Marea Britanie ( UK ) c\u0103tre Rom\u00e2nia\" \/>\n<meta property=\"og:url\" content=\"https:\/\/www.transportcaini-pisici.ro\/transport-caini-si-pisici-anglia\/\" \/>\n<meta property=\"og:site_name\" content=\"International transportation of pets ( dogs and cats )\" \/>\n<meta property=\"article:modified_time\" content=\"2021-08-04T07:11:12+00:00\" \/>\n<meta property=\"og:image\" content=\"https:\/\/www.transportcaini-pisici.ro\/wp-content\/uploads\/Transport-caini-si-pisici-in-Anglia.jpg\" \/>\n\t<meta property=\"og:image:width\" content=\"1980\" \/>\n\t<meta property=\"og:image:height\" content=\"400\" \/>\n<meta name=\"twitter:card\" content=\"summary_large_image\" \/>\n<meta name=\"twitter:label1\" content=\"Est. reading time\">\n\t<meta name=\"twitter:data1\" content=\"7 minutes\">\n<script type=\"application\/ld+json\" class=\"yoast-schema-graph\">{\"@context\":\"https:\/\/schema.org\",\"@graph\":[{\"@type\":\"WebSite\",\"@id\":\"https:\/\/www.transportcaini-pisici.ro\/#website\",\"url\":\"https:\/\/www.transportcaini-pisici.ro\/\",\"name\":\"International transportation of pets ( dogs and cats )\",\"description\":\"\",\"potentialAction\":[{\"@type\":\"SearchAction\",\"target\":\"https:\/\/www.transportcaini-pisici.ro\/?s={search_term_string}\",\"query-input\":\"required name=search_term_string\"}],\"inLanguage\":\"en-US\"},{\"@type\":\"ImageObject\",\"@id\":\"https:\/\/www.transportcaini-pisici.ro\/transport-caini-si-pisici-anglia\/#primaryimage\",\"inLanguage\":\"en-US\",\"url\":\"https:\/\/www.transportcaini-pisici.ro\/wp-content\/uploads\/Transport-caini-si-pisici-in-Anglia-en.jpg\",\"width\":1980,\"height\":400,\"caption\":\"Transport caini si pisici in Anglia-en\"},{\"@type\":\"WebPage\",\"@id\":\"https:\/\/www.transportcaini-pisici.ro\/transport-caini-si-pisici-anglia\/#webpage\",\"url\":\"https:\/\/www.transportcaini-pisici.ro\/transport-caini-si-pisici-anglia\/\",\"name\":\"Pet transportation for dogs and cats to England - International transportation of pets ( dogs and cats )\",\"isPartOf\":{\"@id\":\"https:\/\/www.transportcaini-pisici.ro\/#website\"},\"primaryImageOfPage\":{\"@id\":\"https:\/\/www.transportcaini-pisici.ro\/transport-caini-si-pisici-anglia\/#primaryimage\"},\"datePublished\":\"2020-01-24T09:54:55+00:00\",\"dateModified\":\"2021-08-04T07:11:12+00:00\",\"description\":\"{:ro}Transport animale de companie - c\\u00e2ini \\u0219i pisici \\u00een Anglia ( UK ) din Romania cat si transportul animalelor de companie din Uk in Romania{:en}We are fully qualified drivers and pet lovers, who provide door to door pet and dog transport to the UK from Romania and even to Ireland or the UK to Romania.{:}\",\"inLanguage\":\"en-US\",\"potentialAction\":[{\"@type\":\"ReadAction\",\"target\":[\"https:\/\/www.transportcaini-pisici.ro\/transport-caini-si-pisici-anglia\/\"]}]}]}<\/script>\n<!-- \/ Yoast SEO plugin. -->","_links":{"self":[{"href":"https:\/\/www.transportcaini-pisici.ro\/en\/wp-json\/wp\/v2\/pages\/133730"}],"collection":[{"href":"https:\/\/www.transportcaini-pisici.ro\/en\/wp-json\/wp\/v2\/pages"}],"about":[{"href":"https:\/\/www.transportcaini-pisici.ro\/en\/wp-json\/wp\/v2\/types\/page"}],"author":[{"embeddable":true,"href":"https:\/\/www.transportcaini-pisici.ro\/en\/wp-json\/wp\/v2\/users\/1"}],"replies":[{"embeddable":true,"href":"https:\/\/www.transportcaini-pisici.ro\/en\/wp-json\/wp\/v2\/comments?post=133730"}],"version-history":[{"count":27,"href":"https:\/\/www.transportcaini-pisici.ro\/en\/wp-json\/wp\/v2\/pages\/133730\/revisions"}],"predecessor-version":[{"id":134295,"href":"https:\/\/www.transportcaini-pisici.ro\/en\/wp-json\/wp\/v2\/pages\/133730\/revisions\/134295"}],"wp:featuredmedia":[{"embeddable":true,"href":"https:\/\/www.transportcaini-pisici.ro\/en\/wp-json\/wp\/v2\/media\/134017"}],"wp:attachment":[{"href":"https:\/\/www.transportcaini-pisici.ro\/en\/wp-json\/wp\/v2\/media?parent=133730"}],"curies":[{"name":"wp","href":"https:\/\/api.w.org\/{rel}","templated":true}]}}