{"id":133865,"date":"2020-01-25T08:37:04","date_gmt":"2020-01-25T06:37:04","guid":{"rendered":"https:\/\/www.transportcaini-pisici.ro\/?page_id=133865"},"modified":"2022-01-29T13:18:41","modified_gmt":"2022-01-29T11:18:41","slug":"documente-si-atestari-companie","status":"publish","type":"page","link":"https:\/\/www.transportcaini-pisici.ro\/en\/company-documents-and-certifications\/","title":{"rendered":"Company documents and certifications"},"content":{"rendered":"[vc_row][vc_column][vc_column_text]\n<h3 style=\"text-align: center;\"><span style=\"color: #000000;\"><strong><span class=\"dia_suggestion w0\" contextmenu=\"true\">Autoriza\u021bii<\/span> Sanitar &#8211; <span class=\"dia_suggestion w2\" contextmenu=\"true\">Veterinar\u0103<\/span> de transport animale vii pentru <span class=\"dia_suggestion w8\" contextmenu=\"true\">c\u0103l\u0103torii<\/span> rutiere de <span class=\"dia_suggestion w11\" contextmenu=\"true\">lung\u0103<\/span> <span class=\"dia_suggestion w12\" contextmenu=\"true\">durata<\/span> <span class=\"dia_suggestion w13\" contextmenu=\"true\">sau<\/span> transport animale vii pentru <span class=\"dia_suggestion w18\" contextmenu=\"true\">c\u0103l\u0103torii<\/span> <span class=\"dia_suggestion w19\" contextmenu=\"true\">navale<\/span> de <span class=\"dia_suggestion w21\" contextmenu=\"true\">peste<\/span> 10 mile marine.<\/strong> <\/span><\/h3>\n[\/vc_column_text][vc_empty_space][vc_separator color=&#8221;custom&#8221; accent_color=&#8221;#057460&#8243;][vc_empty_space][\/vc_column][\/vc_row][vc_row][vc_column width=&#8221;1\/2&#8243;][vc_single_image source=&#8221;external_link&#8221; alignment=&#8221;center&#8221; custom_src=&#8221;https:\/\/www.all4dogs.com.ro\/wp-content\/uploads\/cert-1.jpg&#8221;][vc_single_image source=&#8221;external_link&#8221; alignment=&#8221;center&#8221; custom_src=&#8221;https:\/\/www.all4dogs.com.ro\/wp-content\/uploads\/cert-3.jpg&#8221;][vc_single_image source=&#8221;external_link&#8221; alignment=&#8221;center&#8221; custom_src=&#8221;https:\/\/www.all4dogs.com.ro\/wp-content\/uploads\/cert-5.jpg&#8221;][vc_single_image source=&#8221;external_link&#8221; alignment=&#8221;center&#8221; custom_src=&#8221;https:\/\/www.all4dogs.com.ro\/wp-content\/uploads\/cert-7.jpg&#8221;][vc_single_image source=&#8221;external_link&#8221; alignment=&#8221;center&#8221; custom_src=&#8221;https:\/\/www.all4dogs.com.ro\/wp-content\/uploads\/cert-9.jpg&#8221;][vc_single_image source=&#8221;external_link&#8221; alignment=&#8221;center&#8221; custom_src=&#8221;https:\/\/www.all4dogs.com.ro\/wp-content\/uploads\/cert-11.jpg&#8221;][vc_single_image source=&#8221;external_link&#8221; alignment=&#8221;center&#8221; custom_src=&#8221;https:\/\/www.all4dogs.com.ro\/wp-content\/uploads\/cert-13.jpg&#8221;][vc_single_image source=&#8221;external_link&#8221; alignment=&#8221;center&#8221; custom_src=&#8221;https:\/\/www.all4dogs.com.ro\/wp-content\/uploads\/cert-15.jpg&#8221;][vc_single_image source=&#8221;external_link&#8221; alignment=&#8221;center&#8221; custom_src=&#8221;https:\/\/www.all4dogs.com.ro\/wp-content\/uploads\/cert-17.jpg&#8221;][vc_single_image source=&#8221;external_link&#8221; alignment=&#8221;center&#8221; custom_src=&#8221;https:\/\/www.all4dogs.com.ro\/wp-content\/uploads\/cert-19.jpg&#8221;][\/vc_column][vc_column width=&#8221;1\/2&#8243;][vc_single_image source=&#8221;external_link&#8221; alignment=&#8221;center&#8221; custom_src=&#8221;https:\/\/www.all4dogs.com.ro\/wp-content\/uploads\/cert-2.jpg&#8221;][vc_single_image source=&#8221;external_link&#8221; alignment=&#8221;center&#8221; custom_src=&#8221;https:\/\/www.all4dogs.com.ro\/wp-content\/uploads\/cert-4.jpg&#8221;][vc_single_image source=&#8221;external_link&#8221; alignment=&#8221;center&#8221; custom_src=&#8221;https:\/\/www.all4dogs.com.ro\/wp-content\/uploads\/cert-6.jpg&#8221;][vc_single_image source=&#8221;external_link&#8221; alignment=&#8221;center&#8221; custom_src=&#8221;https:\/\/www.all4dogs.com.ro\/wp-content\/uploads\/cert-8.jpg&#8221;][vc_single_image source=&#8221;external_link&#8221; alignment=&#8221;center&#8221; custom_src=&#8221;https:\/\/www.all4dogs.com.ro\/wp-content\/uploads\/cert-10.jpg&#8221;][vc_single_image source=&#8221;external_link&#8221; alignment=&#8221;center&#8221; custom_src=&#8221;https:\/\/www.all4dogs.com.ro\/wp-content\/uploads\/cert-12.jpg&#8221;][vc_single_image source=&#8221;external_link&#8221; alignment=&#8221;center&#8221; custom_src=&#8221;https:\/\/www.all4dogs.com.ro\/wp-content\/uploads\/cert-14.jpg&#8221;][vc_single_image source=&#8221;external_link&#8221; alignment=&#8221;center&#8221; custom_src=&#8221;https:\/\/www.all4dogs.com.ro\/wp-content\/uploads\/cert-16.jpg&#8221;][vc_single_image source=&#8221;external_link&#8221; alignment=&#8221;center&#8221; custom_src=&#8221;https:\/\/www.all4dogs.com.ro\/wp-content\/uploads\/cert-18.jpg&#8221;][\/vc_column][\/vc_row]\n","protected":false},"excerpt":{"rendered":"[vc_row][vc_column][vc_column_text] Autoriza\u021bii Sanitar &#8211; Veterinar\u0103 de transport animale vii pentru c\u0103l\u0103torii rutiere de lung\u0103 durata sau transport animale vii pentru c\u0103l\u0103torii navale de peste 10 mile marine. [\/vc_column_text][vc_empty_space][vc_separator color=&#8221;custom&#8221; accent_color=&#8221;#057460&#8243;][vc_empty_space][\/vc_column][\/vc_row][vc_row][vc_column width=&#8221;1\/2&#8243;][vc_single_image source=&#8221;external_link&#8221; alignment=&#8221;center&#8221; custom_src=&#8221;https:\/\/www.all4dogs.com.ro\/wp-content\/uploads\/cert-1.jpg&#8221;][vc_single_image source=&#8221;external_link&#8221; alignment=&#8221;center&#8221; custom_src=&#8221;https:\/\/www.all4dogs.com.ro\/wp-content\/uploads\/cert-3.jpg&#8221;][vc_single_image source=&#8221;external_link&#8221; alignment=&#8221;center&#8221; custom_src=&#8221;https:\/\/www.all4dogs.com.ro\/wp-content\/uploads\/cert-5.jpg&#8221;][vc_single_image source=&#8221;external_link&#8221; alignment=&#8221;center&#8221; custom_src=&#8221;https:\/\/www.all4dogs.com.ro\/wp-content\/uploads\/cert-7.jpg&#8221;][vc_single_image source=&#8221;external_link&#8221; alignment=&#8221;center&#8221; custom_src=&#8221;https:\/\/www.all4dogs.com.ro\/wp-content\/uploads\/cert-9.jpg&#8221;][vc_single_image source=&#8221;external_link&#8221; alignment=&#8221;center&#8221; custom_src=&#8221;https:\/\/www.all4dogs.com.ro\/wp-content\/uploads\/cert-11.jpg&#8221;][vc_single_image source=&#8221;external_link&#8221; alignment=&#8221;center&#8221; custom_src=&#8221;https:\/\/www.all4dogs.com.ro\/wp-content\/uploads\/cert-13.jpg&#8221;][vc_single_image source=&#8221;external_link&#8221; alignment=&#8221;center&#8221; custom_src=&#8221;https:\/\/www.all4dogs.com.ro\/wp-content\/uploads\/cert-15.jpg&#8221;][vc_single_image [&#8230;]\n","protected":false},"author":1,"featured_media":0,"parent":0,"menu_order":0,"comment_status":"closed","ping_status":"closed","template":"page-blank-title-center.php","meta":[],"yoast_head":"<!-- This site is optimized with the Yoast SEO plugin v15.5 - https:\/\/yoast.com\/wordpress\/plugins\/seo\/ -->\n<title>Company documents and certifications - International transportation of pets ( dogs and cats )<\/title>\n<meta name=\"robots\" content=\"index, follow, max-snippet:-1, max-image-preview:large, max-video-preview:-1\" \/>\n<link rel=\"canonical\" href=\"https:\/\/www.transportcaini-pisici.ro\/documente-si-atestari-companie\/\" \/>\n<meta property=\"og:locale\" content=\"en_US\" \/>\n<meta property=\"og:type\" content=\"article\" \/>\n<meta property=\"og:title\" content=\"Company documents and certifications - International transportation of pets ( dogs and cats )\" \/>\n<meta property=\"og:description\" content=\"[vc_row][vc_column][vc_column_text] Autoriza\u021bii Sanitar &#8211; Veterinar\u0103 de transport animale vii pentru c\u0103l\u0103torii rutiere de lung\u0103 durata sau transport animale vii pentru c\u0103l\u0103torii navale de peste 10 mile marine. [\/vc_column_text][vc_empty_space][vc_separator color=&#8221;custom&#8221; accent_color=&#8221;#057460&#8243;][vc_empty_space][\/vc_column][\/vc_row][vc_row][vc_column width=&#8221;1\/2&#8243;][vc_single_image source=&#8221;external_link&#8221; alignment=&#8221;center&#8221; custom_src=&#8221;https:\/\/www.all4dogs.com.ro\/wp-content\/uploads\/cert-1.jpg&#8221;][vc_single_image source=&#8221;external_link&#8221; alignment=&#8221;center&#8221; custom_src=&#8221;https:\/\/www.all4dogs.com.ro\/wp-content\/uploads\/cert-3.jpg&#8221;][vc_single_image source=&#8221;external_link&#8221; alignment=&#8221;center&#8221; custom_src=&#8221;https:\/\/www.all4dogs.com.ro\/wp-content\/uploads\/cert-5.jpg&#8221;][vc_single_image source=&#8221;external_link&#8221; alignment=&#8221;center&#8221; custom_src=&#8221;https:\/\/www.all4dogs.com.ro\/wp-content\/uploads\/cert-7.jpg&#8221;][vc_single_image source=&#8221;external_link&#8221; alignment=&#8221;center&#8221; custom_src=&#8221;https:\/\/www.all4dogs.com.ro\/wp-content\/uploads\/cert-9.jpg&#8221;][vc_single_image source=&#8221;external_link&#8221; alignment=&#8221;center&#8221; custom_src=&#8221;https:\/\/www.all4dogs.com.ro\/wp-content\/uploads\/cert-11.jpg&#8221;][vc_single_image source=&#8221;external_link&#8221; alignment=&#8221;center&#8221; custom_src=&#8221;https:\/\/www.all4dogs.com.ro\/wp-content\/uploads\/cert-13.jpg&#8221;][vc_single_image source=&#8221;external_link&#8221; alignment=&#8221;center&#8221; custom_src=&#8221;https:\/\/www.all4dogs.com.ro\/wp-content\/uploads\/cert-15.jpg&#8221;][vc_single_image [...]\" \/>\n<meta property=\"og:url\" content=\"https:\/\/www.transportcaini-pisici.ro\/documente-si-atestari-companie\/\" \/>\n<meta property=\"og:site_name\" content=\"International transportation of pets ( dogs and cats )\" \/>\n<meta property=\"article:modified_time\" content=\"2022-01-29T11:18:41+00:00\" \/>\n<meta name=\"twitter:card\" content=\"summary_large_image\" \/>\n<meta name=\"twitter:label1\" content=\"Est. reading time\">\n\t<meta name=\"twitter:data1\" content=\"2 minutes\">\n<script type=\"application\/ld+json\" class=\"yoast-schema-graph\">{\"@context\":\"https:\/\/schema.org\",\"@graph\":[{\"@type\":\"WebSite\",\"@id\":\"https:\/\/www.transportcaini-pisici.ro\/#website\",\"url\":\"https:\/\/www.transportcaini-pisici.ro\/\",\"name\":\"International transportation of pets ( dogs and cats )\",\"description\":\"\",\"potentialAction\":[{\"@type\":\"SearchAction\",\"target\":\"https:\/\/www.transportcaini-pisici.ro\/?s={search_term_string}\",\"query-input\":\"required name=search_term_string\"}],\"inLanguage\":\"en-US\"},{\"@type\":\"WebPage\",\"@id\":\"https:\/\/www.transportcaini-pisici.ro\/documente-si-atestari-companie\/#webpage\",\"url\":\"https:\/\/www.transportcaini-pisici.ro\/documente-si-atestari-companie\/\",\"name\":\"Company documents and certifications - International transportation of pets ( dogs and cats )\",\"isPartOf\":{\"@id\":\"https:\/\/www.transportcaini-pisici.ro\/#website\"},\"datePublished\":\"2020-01-25T06:37:04+00:00\",\"dateModified\":\"2022-01-29T11:18:41+00:00\",\"inLanguage\":\"en-US\",\"potentialAction\":[{\"@type\":\"ReadAction\",\"target\":[\"https:\/\/www.transportcaini-pisici.ro\/documente-si-atestari-companie\/\"]}]}]}<\/script>\n<!-- \/ Yoast SEO plugin. -->","_links":{"self":[{"href":"https:\/\/www.transportcaini-pisici.ro\/en\/wp-json\/wp\/v2\/pages\/133865"}],"collection":[{"href":"https:\/\/www.transportcaini-pisici.ro\/en\/wp-json\/wp\/v2\/pages"}],"about":[{"href":"https:\/\/www.transportcaini-pisici.ro\/en\/wp-json\/wp\/v2\/types\/page"}],"author":[{"embeddable":true,"href":"https:\/\/www.transportcaini-pisici.ro\/en\/wp-json\/wp\/v2\/users\/1"}],"replies":[{"embeddable":true,"href":"https:\/\/www.transportcaini-pisici.ro\/en\/wp-json\/wp\/v2\/comments?post=133865"}],"version-history":[{"count":7,"href":"https:\/\/www.transportcaini-pisici.ro\/en\/wp-json\/wp\/v2\/pages\/133865\/revisions"}],"predecessor-version":[{"id":134319,"href":"https:\/\/www.transportcaini-pisici.ro\/en\/wp-json\/wp\/v2\/pages\/133865\/revisions\/134319"}],"wp:attachment":[{"href":"https:\/\/www.transportcaini-pisici.ro\/en\/wp-json\/wp\/v2\/media?parent=133865"}],"curies":[{"name":"wp","href":"https:\/\/api.w.org\/{rel}","templated":true}]}}